{"id":2972,"date":"2024-08-05T04:06:45","date_gmt":"2024-08-05T04:06:45","guid":{"rendered":"https:\/\/sportszapass.com\/?page_id=2972"},"modified":"2024-08-13T07:46:29","modified_gmt":"2024-08-13T07:46:29","slug":"politica-de-privacidad","status":"publish","type":"page","link":"https:\/\/sportszapass.com\/?page_id=2972","title":{"rendered":"Pol\u00edtica de privacidad"},"content":{"rendered":"\n<h2 class=\"wp-block-heading\"><\/h2>\n\n\n\n<p><\/p>\n\n\n\n<p><\/p>\n\n\n\n<p>Protecci\u00f3n de datos de car\u00e1cter personal seg\u00fan la LOPD.<\/p>\n\n\n\n<p>Sports&nbsp;Zapas, en aplicaci\u00f3n de la normativa vigente en materia de protecci\u00f3n de datos de car\u00e1cter personal, informa que los datos personales que se recogen a trav\u00e9s de los formularios del Sitio web:&nbsp;<a href=\"https:\/\/sportszapass.com\/\" target=\"_blank\" rel=\"noreferrer noopener\">sportszapass.com<\/a>, se incluyen en los ficheros automatizados espec\u00edficos de usuarios de los servicios del servidor propio.<\/p>\n\n\n\n<p>La recogida y tratamiento automatizado de los datos de car\u00e1cter personal tiene como finalidad el mantenimiento de la relaci\u00f3n comercial y el desempe\u00f1o de tareas de informaci\u00f3n.<\/p>\n\n\n\n<p>Estos datos \u00fanicamente ser\u00e1n cedidos a aquellas entidades que sean necesarias con el \u00fanico objetivo de dar cumplimiento a la finalidad anteriormente expuesta.<\/p>\n\n\n\n<p>Sports&nbsp;Zapas&nbsp;adopta las medidas necesarias para garantizar la seguridad, integridad y confidencialidad de los datos conforme a lo dispuesto en el Reglamento (UE) 2016\/679 del Parlamento Europeo y del Consejo, de 27 de abril de 2016, relativo a la protecci\u00f3n de las personas f\u00edsicas en lo que respecta al tratamiento de datos personales y a la libre circulaci\u00f3n de los mismos.<\/p>\n\n\n\n<p>El usuario podr\u00e1 en cualquier momento ejercitar los derechos de acceso, oposici\u00f3n, rectificaci\u00f3n y cancelaci\u00f3n reconocidos en el citado Reglamento (UE). El ejercicio de estos derechos puede realizarlo el propio usuario a trav\u00e9s de email a:&nbsp;<a href=\"mailto:sportszapass@gmail.com\" target=\"_blank\" rel=\"noreferrer noopener\">sportszapass@gmail.com<\/a><\/p>\n\n\n\n<p>El usuario manifiesta que todos los datos facilitados por \u00e9l son ciertos y correctos, y se compromete a mantenerlos actualizados, comunicando los cambios a&nbsp;<a href=\"mailto:sportszapass@gmail.com\" target=\"_blank\" rel=\"noreferrer noopener\">sportszapass@gmail.com<\/a><\/p>\n\n\n\n<p>Finalidad del tratamiento de los datos personales<\/p>\n\n\n\n<p>\u00bfCon qu\u00e9 finalidad trataremos tus datos personales?<\/p>\n\n\n\n<p>En&nbsp;Sports&nbsp;Zapas, trataremos tus datos personales recabados a trav\u00e9s del Sitio Web:&nbsp;<a href=\"https:\/\/sportszapass.com\/\" target=\"_blank\" rel=\"noreferrer noopener\">sportszapass.com<\/a>, con las siguientes finalidades:<\/p>\n\n\n\n<p>En caso de contrataci\u00f3n de los bienes y servicios ofertados a trav\u00e9s de la web, para mantener la relaci\u00f3n contractual, as\u00ed como la gesti\u00f3n, administraci\u00f3n, informaci\u00f3n, prestaci\u00f3n y mejora del servicio.<\/p>\n\n\n\n<p>Env\u00edo de informaci\u00f3n solicitada a trav\u00e9s de los formularios dispuestos en la p\u00e1gina de contacto.<\/p>\n\n\n\n<p>Te recordamos que puedes oponerte al env\u00edo de comunicaciones comerciales por cualquier v\u00eda y en cualquier momento, remitiendo un correo electr\u00f3nico a la direcci\u00f3n indicada anteriormente.<\/p>\n\n\n\n<p>Los campos de dichos registros son de cumplimentaci\u00f3n obligatoria, siendo imposible realizar las finalidades expresadas si no se aportan esos datos.<\/p>\n\n\n\n<p>\u00bfPor cu\u00e1nto tiempo se conservan los datos personales recabados?<\/p>\n\n\n\n<p>Los datos personales proporcionados se conservar\u00e1n mientras se mantenga la relaci\u00f3n comercial o no solicites su supresi\u00f3n y durante el plazo por el cu\u00e1l pudieran derivarse responsabilidades legales por los servicios prestados.<\/p>\n\n\n\n<p>Legitimaci\u00f3n<\/p>\n\n\n\n<p>El tratamiento de tus datos se realiza con las siguientes bases jur\u00eddicas que legitiman el mismo:<\/p>\n\n\n\n<p>La solicitud de informaci\u00f3n y\/o la contrataci\u00f3n de los servicios de&nbsp;<a href=\"https:\/\/sportszapass.com\/\" target=\"_blank\" rel=\"noreferrer noopener\">sportszapass.com<\/a>, cuyos t\u00e9rminos y condiciones se pondr\u00e1n a tu disposici\u00f3n en todo caso, de forma previa a una eventual contrataci\u00f3n.<\/p>\n\n\n\n<p>El consentimiento libre, espec\u00edfico, informado e inequ\u00edvoco, en tanto que te informamos poniendo a tu disposici\u00f3n la presente pol\u00edtica de privacidad, que tras la lectura de la misma, en caso de estar conforme, puedes aceptar mediante una declaraci\u00f3n o una clara acci\u00f3n afirmativa, como el marcado de una casilla dispuesta al efecto.<\/p>\n\n\n\n<p>En caso de que no nos facilites tus datos o lo hagas de forma err\u00f3nea o incompleta, no podremos atender tu solicitud, resultando del todo imposible proporcionarte la informaci\u00f3n solicitada o llevar a cabo la contrataci\u00f3n de los servicios.<\/p>\n\n\n\n<p>Destinatarios<\/p>\n\n\n\n<p>Esta compa\u00f1\u00eda no vender\u00e1, ceder\u00e1 ni distribuir\u00e1 la informaci\u00f3n personal que es recopilada sin su consentimiento, salvo que sea requerido por un juez con un orden judicial.<\/p>\n\n\n\n<p>Qu\u00e9 Datos Personales Recogemos Y Por Qu\u00e9 Los Recogemos<\/p>\n\n\n\n<p>Comentarios<\/p>\n\n\n\n<p>Cuando los visitantes dejan comentarios en la web, recopilamos los datos que se muestran en el formulario de comentarios, as\u00ed como la direcci\u00f3n IP del visitante y la cadena de agentes de usuario del navegador para ayudar a la detecci\u00f3n de spam. Despu\u00e9s de la aprobaci\u00f3n de tu comentario, la imagen de tu perfil es visible para el p\u00fablico en el contexto de su comentario.<\/p>\n\n\n\n<p>Medios<\/p>\n\n\n\n<p>Si subes im\u00e1genes a la web deber\u00edas evitar subir im\u00e1genes con datos de ubicaci\u00f3n (GPS EXIF) incluidos. Los visitantes de la web pueden descargar y extraer cualquier dato de localizaci\u00f3n de las im\u00e1genes de la web.<\/p>\n\n\n\n<p>Contenido incrustado de otros sitios web<\/p>\n\n\n\n<p>Los art\u00edculos de este sitio pueden incluir contenido incrustado (por ejemplo, videos, im\u00e1genes, art\u00edculos, etc.). El contenido incrustado de otras web se comporta exactamente de la misma manera que si el visitante hubiera visitado la otra web.<\/p>\n\n\n\n<p>Estas webs pueden recopilar datos sobre ti, utilizar cookies, incrustar un seguimiento adicional de terceros, y supervisar tu interacci\u00f3n con ese contenido incrustado, incluido el seguimiento de tu interacci\u00f3n con el contenido incrustado si tienes una cuenta y est\u00e1s conectado a esa web.<\/p>\n\n\n\n<p>Cookies<\/p>\n\n\n\n<p>Una cookie se refiere a un fichero que es enviado con la finalidad de solicitar permiso para almacenarse en su ordenador, al aceptar dicho fichero se crea. Sirve para tener informaci\u00f3n respecto al tr\u00e1fico web, y tambi\u00e9n facilita las futuras visitas a una web recurrente. Otra funci\u00f3n que tienen las cookies es que con ellas las web pueden reconocerte individualmente y por tanto brindarte el mejor servicio personalizado de su web.<\/p>\n\n\n\n<p>Nuestro sitio web emplea las cookies para poder identificar las p\u00e1ginas que son visitadas y su frecuencia. Esta informaci\u00f3n es empleada \u00fanicamente para an\u00e1lisis estad\u00edstico y despu\u00e9s la informaci\u00f3n se elimina de forma permanente. Usted puede eliminar las cookies en cualquier momento desde su ordenador. Sin embargo las cookies ayudan a proporcionar un mejor servicio de los sitios web, est\u00e1s no dan acceso a informaci\u00f3n de su ordenador ni de usted, a menos de que usted as\u00ed lo quiera y la proporcione directamente. Usted puede aceptar o negar el uso de cookies, sin embargo la mayor\u00eda de navegadores aceptan cookies autom\u00e1ticamente pues sirve para tener un mejor servicio web. Tambi\u00e9n usted puede cambiar la configuraci\u00f3n de su ordenador para declinar las cookies. Si se declinan es posible que no pueda utilizar algunos de nuestros servicios.<\/p>\n\n\n\n<p>Google Analytics<\/p>\n\n\n\n<p>Google Analytics, un servicio anal\u00edtico de web prestado por Google, Inc., una compa\u00f1\u00eda de Delaware cuya oficina principal est\u00e1 en 1600 Amphitheatre Parkway, Mountain View (California), CA 94043, Estados Unidos (\u00abGoogle\u00bb). Google Analytics utiliza \u00abcookies\u00bb, que son archivos de texto ubicados en su ordenador, para ayudar al Sito Web a analizar el uso que hacen los usuarios del sitio web.<\/p>\n\n\n\n<p>La informaci\u00f3n que genera la cookie acerca de su uso del Sito Web (incluyendo su direcci\u00f3n IP) ser\u00e1 directamente transmitida y archivada por Google en los servidores de Estados Unidos.<\/p>\n\n\n\n<p>Google usar\u00e1 esta informaci\u00f3n por-cuenta nuestra con el prop\u00f3sito de seguir la pista de su uso del Sito Web, recopilando informes de la actividad del Sito Web y prestando otros servicios relacionados con la actividad del Sito Web y el uso de Internet. Google podr\u00e1 transmitir dicha informaci\u00f3n a terceros cuando as\u00ed se lo requiera la legislaci\u00f3n, o cuando dichos terceros procesen la informaci\u00f3n por cuenta de Google.<\/p>\n\n\n\n<p>Google no asociar\u00e1 su direcci\u00f3n IP con ning\u00fan otro dato del que disponga Google. El usuario puede rechazar el tratamiento de los datos o la informaci\u00f3n rechazando el uso de cookies mediante la selecci\u00f3n de la configuraci\u00f3n apropiada de su navegador, sin embargo, el usuario debe saber que si lo hace puede ser que no pueda usar la plena funcionabilidad de este Sito Web.<\/p>\n\n\n\n<p>Al utilizar este Sito Web el su usuario consiente el tratamiento de su informaci\u00f3n por Google en la forma y para los fines arriba indicados.<\/p>\n\n\n\n<p>Protecci\u00f3n De La Informaci\u00f3n Alojada<\/p>\n\n\n\n<p>Sports&nbsp;Zapas&nbsp;realiza copias de seguridad de los contenidos alojados en sus servidores, sin embargo no se responsabiliza<\/p>\n\n\n\n<p>de la p\u00e9rdida o el borrado accidental de los datos por parte de los usuarios. De igual manera, no garantiza la reposici\u00f3n total de los datos borrados por los usuarios.<\/p>\n\n\n\n<p>Derechos<\/p>\n\n\n\n<p>Sports&nbsp;Zapas&nbsp;se reserva el derecho de borrar, sin ning\u00fan tipo de aviso previo, cualquier usuario que est\u00e9 haciendo un mal uso del sitio web, as\u00ed como usuarios que sean de dudosa legitimidad o est\u00e9n considerados spammers<\/p>\n","protected":false},"excerpt":{"rendered":"<p>Protecci\u00f3n de datos de car\u00e1cter personal seg\u00fan la LOPD. Sports&nbsp;Zapas, en aplicaci\u00f3n de la normativa vigente en materia de protecci\u00f3n de datos de car\u00e1cter personal, informa que los datos personales que se recogen a trav\u00e9s de los formularios del Sitio web:&nbsp;sportszapass.com, se incluyen en los ficheros automatizados espec\u00edficos de usuarios de los servicios del servidor [&hellip;]<\/p>\n","protected":false},"author":2,"featured_media":0,"parent":0,"menu_order":0,"comment_status":"closed","ping_status":"closed","template":"","meta":{"footnotes":""},"blocksy_meta":[],"_links":{"self":[{"href":"https:\/\/sportszapass.com\/index.php?rest_route=\/wp\/v2\/pages\/2972"}],"collection":[{"href":"https:\/\/sportszapass.com\/index.php?rest_route=\/wp\/v2\/pages"}],"about":[{"href":"https:\/\/sportszapass.com\/index.php?rest_route=\/wp\/v2\/types\/page"}],"author":[{"embeddable":true,"href":"https:\/\/sportszapass.com\/index.php?rest_route=\/wp\/v2\/users\/2"}],"replies":[{"embeddable":true,"href":"https:\/\/sportszapass.com\/index.php?rest_route=%2Fwp%2Fv2%2Fcomments&post=2972"}],"version-history":[{"count":3,"href":"https:\/\/sportszapass.com\/index.php?rest_route=\/wp\/v2\/pages\/2972\/revisions"}],"predecessor-version":[{"id":3126,"href":"https:\/\/sportszapass.com\/index.php?rest_route=\/wp\/v2\/pages\/2972\/revisions\/3126"}],"wp:attachment":[{"href":"https:\/\/sportszapass.com\/index.php?rest_route=%2Fwp%2Fv2%2Fmedia&parent=2972"}],"curies":[{"name":"wp","href":"https:\/\/api.w.org\/{rel}","templated":true}]}}