{"id":2986,"date":"2024-08-05T04:33:07","date_gmt":"2024-08-05T04:33:07","guid":{"rendered":"https:\/\/sportszapass.com\/?page_id=2986"},"modified":"2024-08-05T04:33:07","modified_gmt":"2024-08-05T04:33:07","slug":"politicas-de-envio","status":"publish","type":"page","link":"https:\/\/sportszapass.com\/?page_id=2986","title":{"rendered":"Pol\u00edticas de  Env\u00edo"},"content":{"rendered":"\n<p><\/p>\n\n\n\n<p class=\"has-large-font-size\"><strong>ENV\u00cdO<\/strong><\/p>\n\n\n\n<p>Los <strong>GASTOS DE ENV\u00cdO <\/strong>son totalmente<strong> GRATIS<\/strong> para Espa\u00f1a y la mayor\u00eda de pa\u00edses de Europa. Para el resto de paises los gastos de env\u00edo por cada paquete enviado ser\u00e1n de 15\u20ac.<\/p>\n\n\n\n<p class=\"has-medium-font-size\"><strong>\u00bfCu\u00e1ndo ser\u00e1 procesado mi pedido?<\/strong><\/p>\n\n\n\n<p>Los pedidos se procesar\u00e1n en un plazo de entre <strong>48h y 72h<\/strong> a partir de la fecha del pago. Por favor, perm\u00edtanos tiempo adicional para que su pedido sea procesado durante los d\u00edas festivos y fines de semana. Procesamos pedidos entre lunes y viernes.\u00a0<\/p>\n\n\n\n<p class=\"has-medium-font-size\"><strong>\u00bfCu\u00e1nto tardar\u00e9 en recibir mi pedido?<\/strong><\/p>\n\n\n\n<p>Una vez que realice su pedido, este ser\u00e1 procesado antes de 72h. Despu\u00e9s, la entrega tardar\u00e1 entre 9 y 12 d\u00edas. Estos d\u00edas son una estimaci\u00f3n. No podemos facilitar una fecha exacta, y no nos hacemos responsables de posibles retrasos en las entregas.<\/p>\n\n\n\n<p class=\"has-medium-font-size\"><strong>\u00bfMe cobrar\u00e1n aduanas e impuestos?<\/strong><\/p>\n\n\n\n<p>Los precios que se muestran en nuestro sitio ya incluyen este tipo de gastos, lo que significa que es muy poco probable que deba pagar los aranceles e impuestos una vez que reciba su pedido. El pago de estos cargos adicionales e impuestos es su responsabilidad y no sera cubierto por nosotros. No nos hacemos responsables de los retrasos causados por el departamento de aduanas de su pa\u00eds. Para obtener m\u00e1s informaci\u00f3n sobre los cargos, p\u00f3ngase en contacto con su oficina de aduanas local.<\/p>\n","protected":false},"excerpt":{"rendered":"<p>ENV\u00cdO Los GASTOS DE ENV\u00cdO son totalmente GRATIS para Espa\u00f1a y la mayor\u00eda de pa\u00edses de Europa. Para el resto de paises los gastos de env\u00edo por cada paquete enviado ser\u00e1n de 15\u20ac. \u00bfCu\u00e1ndo ser\u00e1 procesado mi pedido? Los pedidos se procesar\u00e1n en un plazo de entre 48h y 72h a partir de la fecha [&hellip;]<\/p>\n","protected":false},"author":2,"featured_media":0,"parent":0,"menu_order":0,"comment_status":"closed","ping_status":"closed","template":"","meta":{"footnotes":""},"blocksy_meta":[],"_links":{"self":[{"href":"https:\/\/sportszapass.com\/index.php?rest_route=\/wp\/v2\/pages\/2986"}],"collection":[{"href":"https:\/\/sportszapass.com\/index.php?rest_route=\/wp\/v2\/pages"}],"about":[{"href":"https:\/\/sportszapass.com\/index.php?rest_route=\/wp\/v2\/types\/page"}],"author":[{"embeddable":true,"href":"https:\/\/sportszapass.com\/index.php?rest_route=\/wp\/v2\/users\/2"}],"replies":[{"embeddable":true,"href":"https:\/\/sportszapass.com\/index.php?rest_route=%2Fwp%2Fv2%2Fcomments&post=2986"}],"version-history":[{"count":1,"href":"https:\/\/sportszapass.com\/index.php?rest_route=\/wp\/v2\/pages\/2986\/revisions"}],"predecessor-version":[{"id":2988,"href":"https:\/\/sportszapass.com\/index.php?rest_route=\/wp\/v2\/pages\/2986\/revisions\/2988"}],"wp:attachment":[{"href":"https:\/\/sportszapass.com\/index.php?rest_route=%2Fwp%2Fv2%2Fmedia&parent=2986"}],"curies":[{"name":"wp","href":"https:\/\/api.w.org\/{rel}","templated":true}]}}