{"id":143,"date":"2024-07-07T07:09:35","date_gmt":"2024-07-07T07:09:35","guid":{"rendered":"https:\/\/sportszapass.com\/product\/nike-phantom-gx-elite-df-link-fg-purpura\/"},"modified":"2026-01-13T21:29:31","modified_gmt":"2026-01-13T21:29:31","slug":"nike-phantom-gx-elite-df-link-fg-purpura","status":"publish","type":"product","link":"https:\/\/sportszapass.com\/?product=nike-phantom-gx-elite-df-link-fg-purpura","title":{"rendered":"Nike Phantom GX Elite DF Link FG &#8211; Purpura"},"content":{"rendered":"<p>Zapatillas de f\u00fatbol Nike Phantom GX de ca\u00f1a alta p\u00farpura de doble capa impermeables de seda de pescado totalmente tejidas<\/p>\n","protected":false},"excerpt":{"rendered":"<p>Zapatillas de f\u00fatbol Nike Phantom GX de ca\u00f1a alta p\u00farpura<\/p>\n","protected":false},"featured_media":2960,"comment_status":"closed","ping_status":"closed","template":"","meta":[],"product_cat":[36,18,37],"product_tag":[],"_links":{"self":[{"href":"https:\/\/sportszapass.com\/index.php?rest_route=\/wp\/v2\/product\/143"}],"collection":[{"href":"https:\/\/sportszapass.com\/index.php?rest_route=\/wp\/v2\/product"}],"about":[{"href":"https:\/\/sportszapass.com\/index.php?rest_route=\/wp\/v2\/types\/product"}],"replies":[{"embeddable":true,"href":"https:\/\/sportszapass.com\/index.php?rest_route=%2Fwp%2Fv2%2Fcomments&post=143"}],"wp:featuredmedia":[{"embeddable":true,"href":"https:\/\/sportszapass.com\/index.php?rest_route=\/wp\/v2\/media\/2960"}],"wp:attachment":[{"href":"https:\/\/sportszapass.com\/index.php?rest_route=%2Fwp%2Fv2%2Fmedia&parent=143"}],"wp:term":[{"taxonomy":"product_cat","embeddable":true,"href":"https:\/\/sportszapass.com\/index.php?rest_route=%2Fwp%2Fv2%2Fproduct_cat&post=143"},{"taxonomy":"product_tag","embeddable":true,"href":"https:\/\/sportszapass.com\/index.php?rest_route=%2Fwp%2Fv2%2Fproduct_tag&post=143"}],"curies":[{"name":"wp","href":"https:\/\/api.w.org\/{rel}","templated":true}]}}