{"id":1756,"date":"2024-07-12T04:48:50","date_gmt":"2024-07-12T04:48:50","guid":{"rendered":"https:\/\/sportszapass.com\/product\/nike-air-zoom-mercurial-vapor-xv-elite-sg-negra\/"},"modified":"2026-01-19T21:33:48","modified_gmt":"2026-01-19T21:33:48","slug":"nike-air-zoom-mercurial-vapor-xv-elite-sg-negra","status":"publish","type":"product","link":"https:\/\/sportszapass.com\/?product=nike-air-zoom-mercurial-vapor-xv-elite-sg-negra","title":{"rendered":"Nike Air Zoom Mercurial Vapor XV Elite SG Negra"},"content":{"rendered":"<p>Nike Air Zoom Mercurial Vapor XV Elite SG, botas de f\u00fatbol de ca\u00f1a baja con tacos extra\u00edbles, c\u00e1mara de aire completa integrada, tejido impermeable.<\/p>\n","protected":false},"excerpt":{"rendered":"<p>Nike Air Zoom Mercurial Vapor XV Elite Negra<\/p>\n","protected":false},"featured_media":2864,"comment_status":"closed","ping_status":"closed","template":"","meta":[],"product_cat":[36,18,48],"product_tag":[],"_links":{"self":[{"href":"https:\/\/sportszapass.com\/index.php?rest_route=\/wp\/v2\/product\/1756"}],"collection":[{"href":"https:\/\/sportszapass.com\/index.php?rest_route=\/wp\/v2\/product"}],"about":[{"href":"https:\/\/sportszapass.com\/index.php?rest_route=\/wp\/v2\/types\/product"}],"replies":[{"embeddable":true,"href":"https:\/\/sportszapass.com\/index.php?rest_route=%2Fwp%2Fv2%2Fcomments&post=1756"}],"wp:featuredmedia":[{"embeddable":true,"href":"https:\/\/sportszapass.com\/index.php?rest_route=\/wp\/v2\/media\/2864"}],"wp:attachment":[{"href":"https:\/\/sportszapass.com\/index.php?rest_route=%2Fwp%2Fv2%2Fmedia&parent=1756"}],"wp:term":[{"taxonomy":"product_cat","embeddable":true,"href":"https:\/\/sportszapass.com\/index.php?rest_route=%2Fwp%2Fv2%2Fproduct_cat&post=1756"},{"taxonomy":"product_tag","embeddable":true,"href":"https:\/\/sportszapass.com\/index.php?rest_route=%2Fwp%2Fv2%2Fproduct_tag&post=1756"}],"curies":[{"name":"wp","href":"https:\/\/api.w.org\/{rel}","templated":true}]}}