{"id":28937,"date":"2024-11-18T17:14:36","date_gmt":"2024-11-18T17:14:36","guid":{"rendered":"https:\/\/sportszapass.com\/?post_type=product&#038;p=28937"},"modified":"2024-11-29T04:39:16","modified_gmt":"2024-11-29T04:39:16","slug":"aj1-lucky-green","status":"publish","type":"product","link":"https:\/\/sportszapass.com\/?product=aj1-lucky-green","title":{"rendered":"AJ1 Lucky Green"},"content":{"rendered":"<p>El\u00a0&lt;b&gt;Air Jordan 1&lt;\/b&gt;\u00a0es una de las zapatillas m\u00e1s vendidas de\u00a0&lt;b&gt;Nike&lt;\/b&gt;\u00a0en relaci\u00f3n con la practica del baloncesto, desde sus or\u00edgenes siempre ha destacado por su gran versatilidad sobre la pista de basket. Adapt\u00e1ndose a diversos estilos de juegos y deslumbrando por su calidad.<\/p>\n","protected":false},"excerpt":{"rendered":"<p>El\u00a0&lt;b&gt;Air Jordan 1&lt;\/b&gt;\u00a0es una de las zapatillas m\u00e1s vendidas de\u00a0&lt;b&gt;Nike&lt;\/b&gt;\u00a0en relaci\u00f3n con la practica del baloncesto, desde sus or\u00edgenes siempre ha destacado por su gran versatilidad sobre la pista de basket. Adapt\u00e1ndose a diversos estilos de juegos y deslumbrando por su calidad.<\/p>\n","protected":false},"featured_media":29044,"comment_status":"closed","ping_status":"closed","template":"","meta":[],"product_cat":[118],"product_tag":[],"_links":{"self":[{"href":"https:\/\/sportszapass.com\/index.php?rest_route=\/wp\/v2\/product\/28937"}],"collection":[{"href":"https:\/\/sportszapass.com\/index.php?rest_route=\/wp\/v2\/product"}],"about":[{"href":"https:\/\/sportszapass.com\/index.php?rest_route=\/wp\/v2\/types\/product"}],"replies":[{"embeddable":true,"href":"https:\/\/sportszapass.com\/index.php?rest_route=%2Fwp%2Fv2%2Fcomments&post=28937"}],"wp:featuredmedia":[{"embeddable":true,"href":"https:\/\/sportszapass.com\/index.php?rest_route=\/wp\/v2\/media\/29044"}],"wp:attachment":[{"href":"https:\/\/sportszapass.com\/index.php?rest_route=%2Fwp%2Fv2%2Fmedia&parent=28937"}],"wp:term":[{"taxonomy":"product_cat","embeddable":true,"href":"https:\/\/sportszapass.com\/index.php?rest_route=%2Fwp%2Fv2%2Fproduct_cat&post=28937"},{"taxonomy":"product_tag","embeddable":true,"href":"https:\/\/sportszapass.com\/index.php?rest_route=%2Fwp%2Fv2%2Fproduct_tag&post=28937"}],"curies":[{"name":"wp","href":"https:\/\/api.w.org\/{rel}","templated":true}]}}