{"id":29226,"date":"2024-11-18T17:41:48","date_gmt":"2024-11-18T17:41:48","guid":{"rendered":"https:\/\/sportszapass.com\/?post_type=product&#038;p=29226"},"modified":"2024-11-29T04:39:21","modified_gmt":"2024-11-29T04:39:21","slug":"aj-4-retro-grey","status":"publish","type":"product","link":"https:\/\/sportszapass.com\/?product=aj-4-retro-grey","title":{"rendered":"AJ 4 Retro Grey"},"content":{"rendered":"<p>Unas sneakers de ca\u00f1a alta y con un elegante dise\u00f1o, cuya parte superior est\u00e1 fabricada en piel de primer\u00edsima calidad y una serie de microperoforaciones con la finalidad de mejorar la transporabilidad de tus pies.<\/p>\n","protected":false},"excerpt":{"rendered":"<p>Unas sneakers de ca\u00f1a alta y con un elegante dise\u00f1o, cuya parte superior est\u00e1 fabricada en piel de primer\u00edsima calidad y una serie de microperoforaciones con la finalidad de mejorar la transporabilidad de tus pies.<\/p>\n","protected":false},"featured_media":29276,"comment_status":"closed","ping_status":"closed","template":"","meta":[],"product_cat":[120],"product_tag":[],"_links":{"self":[{"href":"https:\/\/sportszapass.com\/index.php?rest_route=\/wp\/v2\/product\/29226"}],"collection":[{"href":"https:\/\/sportszapass.com\/index.php?rest_route=\/wp\/v2\/product"}],"about":[{"href":"https:\/\/sportszapass.com\/index.php?rest_route=\/wp\/v2\/types\/product"}],"replies":[{"embeddable":true,"href":"https:\/\/sportszapass.com\/index.php?rest_route=%2Fwp%2Fv2%2Fcomments&post=29226"}],"wp:featuredmedia":[{"embeddable":true,"href":"https:\/\/sportszapass.com\/index.php?rest_route=\/wp\/v2\/media\/29276"}],"wp:attachment":[{"href":"https:\/\/sportszapass.com\/index.php?rest_route=%2Fwp%2Fv2%2Fmedia&parent=29226"}],"wp:term":[{"taxonomy":"product_cat","embeddable":true,"href":"https:\/\/sportszapass.com\/index.php?rest_route=%2Fwp%2Fv2%2Fproduct_cat&post=29226"},{"taxonomy":"product_tag","embeddable":true,"href":"https:\/\/sportszapass.com\/index.php?rest_route=%2Fwp%2Fv2%2Fproduct_tag&post=29226"}],"curies":[{"name":"wp","href":"https:\/\/api.w.org\/{rel}","templated":true}]}}