{"id":29254,"date":"2024-11-18T17:42:56","date_gmt":"2024-11-18T17:42:56","guid":{"rendered":"https:\/\/sportszapass.com\/?post_type=product&#038;p=29254"},"modified":"2024-11-29T04:39:23","modified_gmt":"2024-11-29T04:39:23","slug":"aj-4-nrg","status":"publish","type":"product","link":"https:\/\/sportszapass.com\/?product=aj-4-nrg","title":{"rendered":"AJ 4 NRG"},"content":{"rendered":"<p>Unas sneakers de ca\u00f1a alta y con un elegante dise\u00f1o, cuya parte superior est\u00e1 fabricada en piel de primer\u00edsima calidad y una serie de microperoforaciones con la finalidad de mejorar la transporabilidad de tus pies.<\/p>\n","protected":false},"excerpt":{"rendered":"<p>Unas sneakers de ca\u00f1a alta y con un elegante dise\u00f1o, cuya parte superior est\u00e1 fabricada en piel de primer\u00edsima calidad y una serie de microperoforaciones con la finalidad de mejorar la transporabilidad de tus pies.<\/p>\n","protected":false},"featured_media":29296,"comment_status":"closed","ping_status":"closed","template":"","meta":[],"product_cat":[120],"product_tag":[],"_links":{"self":[{"href":"https:\/\/sportszapass.com\/index.php?rest_route=\/wp\/v2\/product\/29254"}],"collection":[{"href":"https:\/\/sportszapass.com\/index.php?rest_route=\/wp\/v2\/product"}],"about":[{"href":"https:\/\/sportszapass.com\/index.php?rest_route=\/wp\/v2\/types\/product"}],"replies":[{"embeddable":true,"href":"https:\/\/sportszapass.com\/index.php?rest_route=%2Fwp%2Fv2%2Fcomments&post=29254"}],"wp:featuredmedia":[{"embeddable":true,"href":"https:\/\/sportszapass.com\/index.php?rest_route=\/wp\/v2\/media\/29296"}],"wp:attachment":[{"href":"https:\/\/sportszapass.com\/index.php?rest_route=%2Fwp%2Fv2%2Fmedia&parent=29254"}],"wp:term":[{"taxonomy":"product_cat","embeddable":true,"href":"https:\/\/sportszapass.com\/index.php?rest_route=%2Fwp%2Fv2%2Fproduct_cat&post=29254"},{"taxonomy":"product_tag","embeddable":true,"href":"https:\/\/sportszapass.com\/index.php?rest_route=%2Fwp%2Fv2%2Fproduct_tag&post=29254"}],"curies":[{"name":"wp","href":"https:\/\/api.w.org\/{rel}","templated":true}]}}